{"id":67,"date":"2017-10-19T17:08:06","date_gmt":"2017-10-19T15:08:06","guid":{"rendered":"http:\/\/saintfelixdelodeztt.fr\/?page_id=67"},"modified":"2022-09-17T19:39:52","modified_gmt":"2022-09-17T17:39:52","slug":"formulaire-contact","status":"publish","type":"page","link":"https:\/\/saintfelixdelodeztt.fr\/index.php\/formulaire-contact\/","title":{"rendered":"Formulaire Contact"},"content":{"rendered":"<p>[et_pb_section fb_built=\u00a0\u00bb1&Prime; _builder_version=\u00a0\u00bb4.16&Prime; custom_padding=\u00a0\u00bb15px|0px|54px|0px\u00a0\u00bb global_colors_info=\u00a0\u00bb{}\u00a0\u00bb][et_pb_row column_structure=\u00a0\u00bb1_2,1_2&Prime; _builder_version=\u00a0\u00bb4.16&Prime; background_size=\u00a0\u00bbinitial\u00a0\u00bb background_position=\u00a0\u00bbtop_left\u00a0\u00bb background_repeat=\u00a0\u00bbrepeat\u00a0\u00bb global_colors_info=\u00a0\u00bb{}\u00a0\u00bb][et_pb_column type=\u00a0\u00bb1_2&Prime; _builder_version=\u00a0\u00bb4.16&Prime; custom_padding=\u00a0\u00bb|||\u00a0\u00bb global_colors_info=\u00a0\u00bb{}\u00a0\u00bb custom_padding__hover=\u00a0\u00bb|||\u00a0\u00bb][et_pb_text _builder_version=\u00a0\u00bb4.16&Prime; text_font=\u00a0\u00bb||||||||\u00a0\u00bb global_colors_info=\u00a0\u00bb{}\u00a0\u00bb]<\/p>\n<div id=\"wpcf7-f66-o1\" class=\"wpcf7\" dir=\"ltr\" lang=\"fr-FR\" role=\"form\">\n<div class=\"screen-reader-response\"><\/div>\n<form class=\"wpcf7-form\" action=\"\/?et_pb_preview=true&amp;et_pb_preview_nonce=8e2154c01e&amp;iframe_id=et-fb-preview-1516378973613-913#wpcf7-f66-o1\" method=\"post\" novalidate=\"novalidate\">\n<div style=\"display: none;\"><input name=\"_wpcf7\" type=\"hidden\" value=\"66\" \/> <input name=\"_wpcf7_version\" type=\"hidden\" value=\"4.9.2\" \/> <input name=\"_wpcf7_locale\" type=\"hidden\" value=\"fr_FR\" \/> <input name=\"_wpcf7_unit_tag\" type=\"hidden\" value=\"wpcf7-f66-o1\" \/> <input name=\"_wpcf7_container_post\" type=\"hidden\" value=\"0\" \/><\/div>\n<p><label><strong> Votre nom et pr\u00e9nom :<\/strong> (obligatoire)<br \/>\n<span class=\"wpcf7-form-control-wrap your-name\"><input class=\"wpcf7-form-control wpcf7-text wpcf7-validates-as-required\" name=\"your-name\" size=\"40\" type=\"text\" value=\"\" aria-required=\"true\" aria-invalid=\"false\" \/><\/span> <\/label><\/p>\n<p><label><strong> Votre adresse e-mail :<\/strong> (obligatoire)<br \/>\n<span class=\"wpcf7-form-control-wrap your-email\"><input class=\"wpcf7-form-control wpcf7-text wpcf7-email wpcf7-validates-as-required wpcf7-validates-as-email\" name=\"your-email\" size=\"40\" type=\"email\" value=\"\" aria-required=\"true\" aria-invalid=\"false\" \/><\/span> <\/label><\/p>\n<p><label><strong> le sujet de votre demande :<\/strong><br \/>\n<span class=\"wpcf7-form-control-wrap your-subject\"><input class=\"wpcf7-form-control wpcf7-text\" name=\"your-subject\" size=\"40\" type=\"text\" value=\"\" aria-invalid=\"false\" \/><\/span> <\/label><\/p>\n<p><label><strong> Votre message<\/strong><br \/>\n<span class=\"wpcf7-form-control-wrap your-message\"><textarea class=\"wpcf7-form-control wpcf7-textarea\" cols=\"40\" name=\"your-message\" rows=\"10\" aria-invalid=\"false\"><\/textarea><\/span> <\/label><\/p>\n<p><label><strong> Votre N\u00b0 de t\u00e9l\u00e9phone :<\/strong> (obligatoire)<br \/>\n<span class=\"wpcf7-form-control-wrap tel-709\"><input class=\"wpcf7-form-control wpcf7-text wpcf7-tel wpcf7-validates-as-required wpcf7-validates-as-tel\" name=\"tel-709\" size=\"40\" type=\"tel\" value=\"\" aria-required=\"true\" aria-invalid=\"false\" \/><\/span> <\/label><\/p>\n<p><input class=\"wpcf7-form-control wpcf7-submit\" type=\"submit\" value=\"Envoyer\" \/><\/p>\n<div class=\"wpcf7-response-output wpcf7-display-none\"><\/div>\n<\/form>\n<\/div>\n<p>&nbsp;<br \/>\n[\/et_pb_text][\/et_pb_column][et_pb_column type=\u00a0\u00bb1_2&Prime; _builder_version=\u00a0\u00bb4.16&Prime; custom_padding=\u00a0\u00bb|||\u00a0\u00bb global_colors_info=\u00a0\u00bb{}\u00a0\u00bb custom_padding__hover=\u00a0\u00bb|||\u00a0\u00bb][et_pb_text _builder_version=\u00a0\u00bb4.16&Prime; custom_margin=\u00a0\u00bb|-5px||-5px||true\u00a0\u00bb global_colors_info=\u00a0\u00bb{}\u00a0\u00bb]<\/p>\n<p>Pour nous contacter :<\/p>\n<table style=\"width: 60.1645%; border-collapse: collapse; background-color: #ebe4e4;\" border=\"1\">\n<tbody>\n<tr>\n<td style=\"width: 11.3592%;\">Pr\u00e9sident<\/td>\n<td style=\"width: 26.7528%;\"><a href=\"mailto:president@saintfelixdelodeztt.fr\" target=\"_blank\" rel=\"noopener noreferrer\">president@saintfelixdelodeztt.fr<\/a><\/td>\n<td style=\"width: 22.0524%;\">06.14.05.44.16<\/td>\n<\/tr>\n<tr>\n<td style=\"width: 11.3592%;\">Secr\u00e9taire<\/td>\n<td style=\"width: 26.7528%;\"><a href=\"mailto:secretaire@saintfelixdelodeztt.fr\" target=\"_blank\" rel=\"noopener noreferrer\">secretaire@saintfelixdelodeztt.fr<\/a><\/td>\n<td style=\"width: 22.0524%;\">06.07.40.89.03<\/td>\n<\/tr>\n<tr>\n<td style=\"width: 11.3592%;\">Tr\u00e9sorier<\/td>\n<td style=\"width: 26.7528%;\"><a href=\"mailto:tresorier@saintfelixdelodeztt.fr\" target=\"_blank\" rel=\"noopener noreferrer\">tresorier@saintfelixdelodeztt.fr<\/a><\/td>\n<td style=\"width: 22.0524%;\">07.81.69.92.78<\/td>\n<\/tr>\n<\/tbody>\n<\/table>\n<p>&nbsp;<\/p>\n<table style=\"height: 62px; width: 519px; border-collapse: collapse; border-color: #000000; background-color: #e6e1e1;\" data-mce-id=\"__mce\" data-mce-fragment=\"1\">\n<tbody data-mce-fragment=\"1\">\n<tr style=\"height: 23px;\" data-mce-fragment=\"1\">\n<td style=\"width: 219px; height: 23px;\" data-mce-fragment=\"1\">N\u00b0 RNA<\/td>\n<td style=\"width: 293px; height: 23px;\" data-mce-fragment=\"1\">\u00a0W342 002 393<\/td>\n<\/tr>\n<tr style=\"height: 23px;\" data-mce-fragment=\"1\">\n<td style=\"width: 219px; height: 23px;\" data-mce-fragment=\"1\">N\u00b0 SIREN<\/td>\n<td style=\"width: 293px; height: 23px;\" data-mce-fragment=\"1\">\u200b 848 654 984 00014<\/td>\n<\/tr>\n<\/tbody>\n<\/table>\n<p>&nbsp;<\/p>\n<p>[\/et_pb_text][\/et_pb_column][\/et_pb_row][et_pb_row _builder_version=\u00a0\u00bb4.16&Prime; background_size=\u00a0\u00bbinitial\u00a0\u00bb background_position=\u00a0\u00bbtop_left\u00a0\u00bb background_repeat=\u00a0\u00bbrepeat\u00a0\u00bb custom_padding=\u00a0\u00bb9px|0px|27px|0px\u00a0\u00bb global_colors_info=\u00a0\u00bb{}\u00a0\u00bb][et_pb_column type=\u00a0\u00bb4_4&Prime; _builder_version=\u00a0\u00bb4.16&Prime; custom_padding=\u00a0\u00bb|||\u00a0\u00bb global_colors_info=\u00a0\u00bb{}\u00a0\u00bb custom_padding__hover=\u00a0\u00bb|||\u00a0\u00bb][et_pb_code _builder_version=\u00a0\u00bb4.16&Prime; global_colors_info=\u00a0\u00bb{}\u00a0\u00bb]<iframe loading=\"lazy\" src=\"https:\/\/www.google.com\/maps\/embed?pb=!1m18!1m12!1m3!1d23091.641525326573!2d3.4507058651144193!3d43.659502163732334!2m3!1f0!2f0!3f0!3m2!1i1024!2i768!4f13.1!3m3!1m2!1s0x0%3A0x9611e453e6d093f5!2sSalle+Robert+Arnihac!5e0!3m2!1sfr!2sfr!4v1516378549516\" width=\"600\" height=\"450\" frameborder=\"0\" style=\"border:0\" allowfullscreen><\/iframe>[\/et_pb_code][\/et_pb_column][\/et_pb_row][\/et_pb_section]<\/p>\n","protected":false},"excerpt":{"rendered":"<p>Votre nom et pr\u00e9nom : (obligatoire) Votre adresse e-mail : (obligatoire) le sujet de votre demande : Votre message Votre N\u00b0 de t\u00e9l\u00e9phone : (obligatoire) &nbsp; Pour nous contacter : Pr\u00e9sident president@saintfelixdelodeztt.fr 06.14.05.44.16 Secr\u00e9taire secretaire@saintfelixdelodeztt.fr 06.07.40.89.03 Tr\u00e9sorier tresorier@saintfelixdelodeztt.fr 07.81.69.92.78 &nbsp; N\u00b0 RNA \u00a0W342 002 393 N\u00b0 SIREN \u200b 848 654 984 00014 &nbsp;<\/p>\n","protected":false},"author":1,"featured_media":0,"parent":0,"menu_order":0,"comment_status":"closed","ping_status":"closed","template":"","meta":{"_bbp_topic_count":0,"_bbp_reply_count":0,"_bbp_total_topic_count":0,"_bbp_total_reply_count":0,"_bbp_voice_count":0,"_bbp_anonymous_reply_count":0,"_bbp_topic_count_hidden":0,"_bbp_reply_count_hidden":0,"_bbp_forum_subforum_count":0,"_et_pb_use_builder":"on","_et_pb_old_content":"","_et_gb_content_width":"","footnotes":""},"class_list":["post-67","page","type-page","status-publish","hentry"],"yoast_head":"<!-- This site is optimized with the Yoast SEO plugin v26.8 - https:\/\/yoast.com\/product\/yoast-seo-wordpress\/ -->\n<title>Formulaire Contact - SAINT FELIX de LODEZ Tennis de table<\/title>\n<meta name=\"robots\" content=\"index, follow, max-snippet:-1, max-image-preview:large, max-video-preview:-1\" \/>\n<link rel=\"canonical\" href=\"https:\/\/saintfelixdelodeztt.fr\/index.php\/formulaire-contact\/\" \/>\n<meta property=\"og:locale\" content=\"fr_FR\" \/>\n<meta property=\"og:type\" content=\"article\" \/>\n<meta property=\"og:title\" content=\"Formulaire Contact - SAINT FELIX de LODEZ Tennis de table\" \/>\n<meta property=\"og:description\" content=\"Votre nom et pr\u00e9nom : (obligatoire) Votre adresse e-mail : (obligatoire) le sujet de votre demande : Votre message Votre N\u00b0 de t\u00e9l\u00e9phone : (obligatoire) &nbsp; Pour nous contacter : Pr\u00e9sident president@saintfelixdelodeztt.fr 06.14.05.44.16 Secr\u00e9taire secretaire@saintfelixdelodeztt.fr 06.07.40.89.03 Tr\u00e9sorier tresorier@saintfelixdelodeztt.fr 07.81.69.92.78 &nbsp; N\u00b0 RNA \u00a0W342 002 393 N\u00b0 SIREN \u200b 848 654 984 00014 &nbsp;\" \/>\n<meta property=\"og:url\" content=\"https:\/\/saintfelixdelodeztt.fr\/index.php\/formulaire-contact\/\" \/>\n<meta property=\"og:site_name\" content=\"SAINT FELIX de LODEZ Tennis de table\" \/>\n<meta property=\"article:modified_time\" content=\"2022-09-17T17:39:52+00:00\" \/>\n<meta name=\"twitter:card\" content=\"summary_large_image\" \/>\n<meta name=\"twitter:label1\" content=\"Dur\u00e9e de lecture estim\u00e9e\" \/>\n\t<meta name=\"twitter:data1\" content=\"1 minute\" \/>\n<script type=\"application\/ld+json\" class=\"yoast-schema-graph\">{\"@context\":\"https:\/\/schema.org\",\"@graph\":[{\"@type\":\"WebPage\",\"@id\":\"https:\/\/saintfelixdelodeztt.fr\/index.php\/formulaire-contact\/\",\"url\":\"https:\/\/saintfelixdelodeztt.fr\/index.php\/formulaire-contact\/\",\"name\":\"Formulaire Contact - SAINT FELIX de LODEZ Tennis de table\",\"isPartOf\":{\"@id\":\"https:\/\/saintfelixdelodeztt.fr\/#website\"},\"datePublished\":\"2017-10-19T15:08:06+00:00\",\"dateModified\":\"2022-09-17T17:39:52+00:00\",\"breadcrumb\":{\"@id\":\"https:\/\/saintfelixdelodeztt.fr\/index.php\/formulaire-contact\/#breadcrumb\"},\"inLanguage\":\"fr-FR\",\"potentialAction\":[{\"@type\":\"ReadAction\",\"target\":[\"https:\/\/saintfelixdelodeztt.fr\/index.php\/formulaire-contact\/\"]}]},{\"@type\":\"BreadcrumbList\",\"@id\":\"https:\/\/saintfelixdelodeztt.fr\/index.php\/formulaire-contact\/#breadcrumb\",\"itemListElement\":[{\"@type\":\"ListItem\",\"position\":1,\"name\":\"Accueil\",\"item\":\"https:\/\/saintfelixdelodeztt.fr\/\"},{\"@type\":\"ListItem\",\"position\":2,\"name\":\"Formulaire Contact\"}]},{\"@type\":\"WebSite\",\"@id\":\"https:\/\/saintfelixdelodeztt.fr\/#website\",\"url\":\"https:\/\/saintfelixdelodeztt.fr\/\",\"name\":\"SAINT FELIX de LODEZ Tennis de table\",\"description\":\"Votre club dans la vall\u00e9e de l&#039;H\u00e9rault\",\"publisher\":{\"@id\":\"https:\/\/saintfelixdelodeztt.fr\/#organization\"},\"potentialAction\":[{\"@type\":\"SearchAction\",\"target\":{\"@type\":\"EntryPoint\",\"urlTemplate\":\"https:\/\/saintfelixdelodeztt.fr\/?s={search_term_string}\"},\"query-input\":{\"@type\":\"PropertyValueSpecification\",\"valueRequired\":true,\"valueName\":\"search_term_string\"}}],\"inLanguage\":\"fr-FR\"},{\"@type\":\"Organization\",\"@id\":\"https:\/\/saintfelixdelodeztt.fr\/#organization\",\"name\":\"SAINT FELIX DE LODEZ TENNIS DE TABLE\",\"url\":\"https:\/\/saintfelixdelodeztt.fr\/\",\"logo\":{\"@type\":\"ImageObject\",\"inLanguage\":\"fr-FR\",\"@id\":\"https:\/\/saintfelixdelodeztt.fr\/#\/schema\/logo\/image\/\",\"url\":\"https:\/\/saintfelixdelodeztt.fr\/wp-content\/uploads\/2017\/10\/btn-accuei-V2l.png\",\"contentUrl\":\"https:\/\/saintfelixdelodeztt.fr\/wp-content\/uploads\/2017\/10\/btn-accuei-V2l.png\",\"width\":567,\"height\":148,\"caption\":\"SAINT FELIX DE LODEZ TENNIS DE TABLE\"},\"image\":{\"@id\":\"https:\/\/saintfelixdelodeztt.fr\/#\/schema\/logo\/image\/\"}}]}<\/script>\n<!-- \/ Yoast SEO plugin. -->","yoast_head_json":{"title":"Formulaire Contact - SAINT FELIX de LODEZ Tennis de table","robots":{"index":"index","follow":"follow","max-snippet":"max-snippet:-1","max-image-preview":"max-image-preview:large","max-video-preview":"max-video-preview:-1"},"canonical":"https:\/\/saintfelixdelodeztt.fr\/index.php\/formulaire-contact\/","og_locale":"fr_FR","og_type":"article","og_title":"Formulaire Contact - SAINT FELIX de LODEZ Tennis de table","og_description":"Votre nom et pr\u00e9nom : (obligatoire) Votre adresse e-mail : (obligatoire) le sujet de votre demande : Votre message Votre N\u00b0 de t\u00e9l\u00e9phone : (obligatoire) &nbsp; Pour nous contacter : Pr\u00e9sident president@saintfelixdelodeztt.fr 06.14.05.44.16 Secr\u00e9taire secretaire@saintfelixdelodeztt.fr 06.07.40.89.03 Tr\u00e9sorier tresorier@saintfelixdelodeztt.fr 07.81.69.92.78 &nbsp; N\u00b0 RNA \u00a0W342 002 393 N\u00b0 SIREN \u200b 848 654 984 00014 &nbsp;","og_url":"https:\/\/saintfelixdelodeztt.fr\/index.php\/formulaire-contact\/","og_site_name":"SAINT FELIX de LODEZ Tennis de table","article_modified_time":"2022-09-17T17:39:52+00:00","twitter_card":"summary_large_image","twitter_misc":{"Dur\u00e9e de lecture estim\u00e9e":"1 minute"},"schema":{"@context":"https:\/\/schema.org","@graph":[{"@type":"WebPage","@id":"https:\/\/saintfelixdelodeztt.fr\/index.php\/formulaire-contact\/","url":"https:\/\/saintfelixdelodeztt.fr\/index.php\/formulaire-contact\/","name":"Formulaire Contact - SAINT FELIX de LODEZ Tennis de table","isPartOf":{"@id":"https:\/\/saintfelixdelodeztt.fr\/#website"},"datePublished":"2017-10-19T15:08:06+00:00","dateModified":"2022-09-17T17:39:52+00:00","breadcrumb":{"@id":"https:\/\/saintfelixdelodeztt.fr\/index.php\/formulaire-contact\/#breadcrumb"},"inLanguage":"fr-FR","potentialAction":[{"@type":"ReadAction","target":["https:\/\/saintfelixdelodeztt.fr\/index.php\/formulaire-contact\/"]}]},{"@type":"BreadcrumbList","@id":"https:\/\/saintfelixdelodeztt.fr\/index.php\/formulaire-contact\/#breadcrumb","itemListElement":[{"@type":"ListItem","position":1,"name":"Accueil","item":"https:\/\/saintfelixdelodeztt.fr\/"},{"@type":"ListItem","position":2,"name":"Formulaire Contact"}]},{"@type":"WebSite","@id":"https:\/\/saintfelixdelodeztt.fr\/#website","url":"https:\/\/saintfelixdelodeztt.fr\/","name":"SAINT FELIX de LODEZ Tennis de table","description":"Votre club dans la vall\u00e9e de l&#039;H\u00e9rault","publisher":{"@id":"https:\/\/saintfelixdelodeztt.fr\/#organization"},"potentialAction":[{"@type":"SearchAction","target":{"@type":"EntryPoint","urlTemplate":"https:\/\/saintfelixdelodeztt.fr\/?s={search_term_string}"},"query-input":{"@type":"PropertyValueSpecification","valueRequired":true,"valueName":"search_term_string"}}],"inLanguage":"fr-FR"},{"@type":"Organization","@id":"https:\/\/saintfelixdelodeztt.fr\/#organization","name":"SAINT FELIX DE LODEZ TENNIS DE TABLE","url":"https:\/\/saintfelixdelodeztt.fr\/","logo":{"@type":"ImageObject","inLanguage":"fr-FR","@id":"https:\/\/saintfelixdelodeztt.fr\/#\/schema\/logo\/image\/","url":"https:\/\/saintfelixdelodeztt.fr\/wp-content\/uploads\/2017\/10\/btn-accuei-V2l.png","contentUrl":"https:\/\/saintfelixdelodeztt.fr\/wp-content\/uploads\/2017\/10\/btn-accuei-V2l.png","width":567,"height":148,"caption":"SAINT FELIX DE LODEZ TENNIS DE TABLE"},"image":{"@id":"https:\/\/saintfelixdelodeztt.fr\/#\/schema\/logo\/image\/"}}]}},"_links":{"self":[{"href":"https:\/\/saintfelixdelodeztt.fr\/index.php\/wp-json\/wp\/v2\/pages\/67","targetHints":{"allow":["GET"]}}],"collection":[{"href":"https:\/\/saintfelixdelodeztt.fr\/index.php\/wp-json\/wp\/v2\/pages"}],"about":[{"href":"https:\/\/saintfelixdelodeztt.fr\/index.php\/wp-json\/wp\/v2\/types\/page"}],"author":[{"embeddable":true,"href":"https:\/\/saintfelixdelodeztt.fr\/index.php\/wp-json\/wp\/v2\/users\/1"}],"replies":[{"embeddable":true,"href":"https:\/\/saintfelixdelodeztt.fr\/index.php\/wp-json\/wp\/v2\/comments?post=67"}],"version-history":[{"count":15,"href":"https:\/\/saintfelixdelodeztt.fr\/index.php\/wp-json\/wp\/v2\/pages\/67\/revisions"}],"predecessor-version":[{"id":4007,"href":"https:\/\/saintfelixdelodeztt.fr\/index.php\/wp-json\/wp\/v2\/pages\/67\/revisions\/4007"}],"wp:attachment":[{"href":"https:\/\/saintfelixdelodeztt.fr\/index.php\/wp-json\/wp\/v2\/media?parent=67"}],"curies":[{"name":"wp","href":"https:\/\/api.w.org\/{rel}","templated":true}]}}