{"id":518,"date":"2017-11-27T18:39:12","date_gmt":"2017-11-27T17:39:12","guid":{"rendered":"http:\/\/saintfelixdelodeztt.fr\/?page_id=518"},"modified":"2017-12-17T15:48:04","modified_gmt":"2017-12-17T14:48:04","slug":"reglements-fftt","status":"publish","type":"page","link":"https:\/\/saintfelixdelodeztt.fr\/index.php\/infos\/reglements-fftt\/","title":{"rendered":"R\u00e9glements FFTT"},"content":{"rendered":"<p>[et_pb_section bb_built=\u00a0\u00bb1&Prime; _builder_version=\u00a0\u00bb3.0.92&Prime; custom_margin=\u00a0\u00bb0px|||\u00a0\u00bb custom_padding=\u00a0\u00bb0px||1px|\u00a0\u00bb][et_pb_row custom_padding=\u00a0\u00bb11px|0px|9px|0px\u00a0\u00bb _builder_version=\u00a0\u00bb3.0.47&Prime; background_size=\u00a0\u00bbinitial\u00a0\u00bb background_position=\u00a0\u00bbtop_left\u00a0\u00bb background_repeat=\u00a0\u00bbrepeat\u00a0\u00bb][et_pb_column type=\u00a0\u00bb4_4&Prime;][et_pb_code _builder_version=\u00a0\u00bb3.0.92&Prime;]<span><span><a href=\"https:\/\/saintfelixdelodeztt.fr\/\">Accueil<\/a><\/span><\/span>[\/et_pb_code][\/et_pb_column][\/et_pb_row][\/et_pb_section][et_pb_section bb_built=\u00a0\u00bb1&Prime;][et_pb_row][et_pb_column type=\u00a0\u00bb1_4&Prime;][et_pb_image _builder_version=\u00a0\u00bb3.0.92&Prime; src=\u00a0\u00bbhttp:\/\/saintfelixdelodeztt.fr\/wp-content\/uploads\/2017\/10\/Slider_image2.jpg\u00a0\u00bb show_in_lightbox=\u00a0\u00bboff\u00a0\u00bb url_new_window=\u00a0\u00bboff\u00a0\u00bb use_overlay=\u00a0\u00bboff\u00a0\u00bb always_center_on_mobile=\u00a0\u00bbon\u00a0\u00bb force_fullwidth=\u00a0\u00bboff\u00a0\u00bb show_bottom_space=\u00a0\u00bbon\u00a0\u00bb \/][\/et_pb_column][et_pb_column type=\u00a0\u00bb3_4&Prime;][et_pb_text]<\/p>\n<header class=\"entry-header page-header\">\n<h1 class=\"entry-title\">R\u00e8glements FFTT<\/h1>\n<\/header>\n<div class=\"entry-content\">\n<h4>T\u00e9l\u00e9charger les derni\u00e8res versions des r\u00e8glements de la FFTT :<\/h4>\n<p><a title=\" R\u00e8glements G\u00e9n\u00e9raux \" href=\"http:\/\/www.fftt.com\/site\/downloads?d=shares&amp;f=reglements-generaux-juillet-2017-1852.pdf\" target=\"_blank\" rel=\"noopener\"><img loading=\"lazy\" decoding=\"async\" src=\"https:\/\/www.pongiste.fr\/wp-content\/uploads\/2016\/10\/icone_pdf.png\" alt=\" \" width=\"30\" height=\"30\" \/>\u00a0R\u00e8glements G\u00e9n\u00e9raux Juillet 2017 (01\/07\/2017)<\/a><\/p>\n<p><a title=\" R\u00e8glements Sportifs \" href=\"http:\/\/www.fftt.com\/site\/downloads?d=shares&amp;f=reglements-sportifs-2017-1892.pdf\" target=\"_blank\" rel=\"noopener\"><img loading=\"lazy\" decoding=\"async\" src=\"https:\/\/www.pongiste.fr\/wp-content\/uploads\/2016\/10\/icone_pdf.png\" alt=\" \" width=\"30\" height=\"30\" \/>\u00a0R\u00e8glements Sportifs 2017 (25\/07\/2017)<\/a><\/p>\n<p><a title=\" Circulaire Administrative \" href=\"http:\/\/www.fftt.com\/site\/downloads?d=shares&amp;f=circulaire-administrative-2017-2018-1793.pdf\" target=\"_blank\" rel=\"noopener\"><img loading=\"lazy\" decoding=\"async\" src=\"https:\/\/www.pongiste.fr\/wp-content\/uploads\/2016\/10\/icone_pdf.png\" alt=\" \" width=\"30\" height=\"30\" \/>\u00a0Circulaire administrative \u2013 2017-2018 (05\/05\/2017)<\/a><\/p>\n<\/div>\n<p>[\/et_pb_text][\/et_pb_column][\/et_pb_row][\/et_pb_section]<\/p>\n","protected":false},"excerpt":{"rendered":"<p><span><span><a href=\"https:\/\/saintfelixdelodeztt.fr\/\">Accueil<\/a><\/span><\/span><div class=\"et_pb_row et_pb_row_0 et_pb_row_empty\">\n\t\t\t\t\n\t\t\t\t\n\t\t\t\t\n\t\t\t\t\n\t\t\t\t\n\t\t\t<\/div><div class=\"et_pb_module et_pb_text et_pb_text_0  et_pb_text_align_left et_pb_bg_layout_light\">\n\t\t\t\t\n\t\t\t\t\n\t\t\t\t\n\t\t\t\t\n\t\t\t\t\n\t\t\t<\/div> R\u00e8glements FFTT T\u00e9l\u00e9charger les derni\u00e8res versions des r\u00e8glements de la FFTT : \u00a0R\u00e8glements G\u00e9n\u00e9raux Juillet 2017 (01\/07\/2017) \u00a0R\u00e8glements Sportifs 2017 (25\/07\/2017) \u00a0Circulaire administrative \u2013 2017-2018 (05\/05\/2017)<\/p>\n","protected":false},"author":1,"featured_media":0,"parent":763,"menu_order":0,"comment_status":"closed","ping_status":"closed","template":"","meta":{"_bbp_topic_count":0,"_bbp_reply_count":0,"_bbp_total_topic_count":0,"_bbp_total_reply_count":0,"_bbp_voice_count":0,"_bbp_anonymous_reply_count":0,"_bbp_topic_count_hidden":0,"_bbp_reply_count_hidden":0,"_bbp_forum_subforum_count":0,"_et_pb_use_builder":"on","_et_pb_old_content":"<header class=\"entry-header page-header\"><h1 class=\"entry-title\">R\u00e8glements FFTT<\/h1><\/header><div class=\"entry-content\"><h4>T\u00e9l\u00e9charger les derni\u00e8res versions des r\u00e8glements de la FFTT :<\/h4><p><a title=\" R\u00e8glements G\u00e9n\u00e9raux \" href=\"http:\/\/www.fftt.com\/site\/downloads?d=shares&f=reglements-generaux-juillet-2017-1852.pdf\" target=\"_blank\" rel=\"noopener\"><img src=\"https:\/\/www.pongiste.fr\/wp-content\/uploads\/2016\/10\/icone_pdf.png\" alt=\" \" width=\"30\" height=\"30\" \/>\u00a0R\u00e8glements G\u00e9n\u00e9raux Juillet 2017 (01\/07\/2017)<\/a><\/p><p><a title=\" R\u00e8glements Sportifs \" href=\"http:\/\/www.fftt.com\/site\/downloads?d=shares&f=reglements-sportifs-2017-1892.pdf\" target=\"_blank\" rel=\"noopener\"><img src=\"https:\/\/www.pongiste.fr\/wp-content\/uploads\/2016\/10\/icone_pdf.png\" alt=\" \" width=\"30\" height=\"30\" \/>\u00a0R\u00e8glements Sportifs 2017 (25\/07\/2017)<\/a><\/p><p><a title=\" Circulaire Administrative \" href=\"http:\/\/www.fftt.com\/site\/downloads?d=shares&f=circulaire-administrative-2017-2018-1793.pdf\" target=\"_blank\" rel=\"noopener\"><img src=\"https:\/\/www.pongiste.fr\/wp-content\/uploads\/2016\/10\/icone_pdf.png\" alt=\" \" width=\"30\" height=\"30\" \/>\u00a0Circulaire administrative \u2013 2017-2018 (05\/05\/2017)<\/a><\/p><\/div>","_et_gb_content_width":"","footnotes":""},"class_list":["post-518","page","type-page","status-publish","hentry"],"yoast_head":"<!-- This site is optimized with the Yoast SEO plugin v26.8 - https:\/\/yoast.com\/product\/yoast-seo-wordpress\/ -->\n<title>R\u00e9glements FFTT - SAINT FELIX de LODEZ Tennis de table<\/title>\n<meta name=\"robots\" content=\"index, follow, max-snippet:-1, max-image-preview:large, max-video-preview:-1\" \/>\n<link rel=\"canonical\" href=\"https:\/\/saintfelixdelodeztt.fr\/index.php\/infos\/reglements-fftt\/\" \/>\n<meta property=\"og:locale\" content=\"fr_FR\" \/>\n<meta property=\"og:type\" content=\"article\" \/>\n<meta property=\"og:title\" content=\"R\u00e9glements FFTT - SAINT FELIX de LODEZ Tennis de table\" \/>\n<meta property=\"og:description\" content=\"R\u00e8glements FFTT T\u00e9l\u00e9charger les derni\u00e8res versions des r\u00e8glements de la FFTT : \u00a0R\u00e8glements G\u00e9n\u00e9raux Juillet 2017 (01\/07\/2017) \u00a0R\u00e8glements Sportifs 2017 (25\/07\/2017) \u00a0Circulaire administrative \u2013 2017-2018 (05\/05\/2017)\" \/>\n<meta property=\"og:url\" content=\"https:\/\/saintfelixdelodeztt.fr\/index.php\/infos\/reglements-fftt\/\" \/>\n<meta property=\"og:site_name\" content=\"SAINT FELIX de LODEZ Tennis de table\" \/>\n<meta property=\"article:modified_time\" content=\"2017-12-17T14:48:04+00:00\" \/>\n<meta property=\"og:image\" content=\"https:\/\/www.pongiste.fr\/wp-content\/uploads\/2016\/10\/icone_pdf.png\" \/>\n<meta name=\"twitter:card\" content=\"summary_large_image\" \/>\n<meta name=\"twitter:label1\" content=\"Dur\u00e9e de lecture estim\u00e9e\" \/>\n\t<meta name=\"twitter:data1\" content=\"1 minute\" \/>\n<script type=\"application\/ld+json\" class=\"yoast-schema-graph\">{\"@context\":\"https:\/\/schema.org\",\"@graph\":[{\"@type\":\"WebPage\",\"@id\":\"https:\/\/saintfelixdelodeztt.fr\/index.php\/infos\/reglements-fftt\/\",\"url\":\"https:\/\/saintfelixdelodeztt.fr\/index.php\/infos\/reglements-fftt\/\",\"name\":\"R\u00e9glements FFTT - SAINT FELIX de LODEZ Tennis de table\",\"isPartOf\":{\"@id\":\"https:\/\/saintfelixdelodeztt.fr\/#website\"},\"primaryImageOfPage\":{\"@id\":\"https:\/\/saintfelixdelodeztt.fr\/index.php\/infos\/reglements-fftt\/#primaryimage\"},\"image\":{\"@id\":\"https:\/\/saintfelixdelodeztt.fr\/index.php\/infos\/reglements-fftt\/#primaryimage\"},\"thumbnailUrl\":\"https:\/\/www.pongiste.fr\/wp-content\/uploads\/2016\/10\/icone_pdf.png\",\"datePublished\":\"2017-11-27T17:39:12+00:00\",\"dateModified\":\"2017-12-17T14:48:04+00:00\",\"breadcrumb\":{\"@id\":\"https:\/\/saintfelixdelodeztt.fr\/index.php\/infos\/reglements-fftt\/#breadcrumb\"},\"inLanguage\":\"fr-FR\",\"potentialAction\":[{\"@type\":\"ReadAction\",\"target\":[\"https:\/\/saintfelixdelodeztt.fr\/index.php\/infos\/reglements-fftt\/\"]}]},{\"@type\":\"ImageObject\",\"inLanguage\":\"fr-FR\",\"@id\":\"https:\/\/saintfelixdelodeztt.fr\/index.php\/infos\/reglements-fftt\/#primaryimage\",\"url\":\"https:\/\/www.pongiste.fr\/wp-content\/uploads\/2016\/10\/icone_pdf.png\",\"contentUrl\":\"https:\/\/www.pongiste.fr\/wp-content\/uploads\/2016\/10\/icone_pdf.png\"},{\"@type\":\"BreadcrumbList\",\"@id\":\"https:\/\/saintfelixdelodeztt.fr\/index.php\/infos\/reglements-fftt\/#breadcrumb\",\"itemListElement\":[{\"@type\":\"ListItem\",\"position\":1,\"name\":\"Accueil\",\"item\":\"https:\/\/saintfelixdelodeztt.fr\/\"},{\"@type\":\"ListItem\",\"position\":2,\"name\":\"Infos\",\"item\":\"https:\/\/saintfelixdelodeztt.fr\/index.php\/infos\/\"},{\"@type\":\"ListItem\",\"position\":3,\"name\":\"R\u00e9glements FFTT\"}]},{\"@type\":\"WebSite\",\"@id\":\"https:\/\/saintfelixdelodeztt.fr\/#website\",\"url\":\"https:\/\/saintfelixdelodeztt.fr\/\",\"name\":\"SAINT FELIX de LODEZ Tennis de table\",\"description\":\"Votre club dans la vall\u00e9e de l&#039;H\u00e9rault\",\"publisher\":{\"@id\":\"https:\/\/saintfelixdelodeztt.fr\/#organization\"},\"potentialAction\":[{\"@type\":\"SearchAction\",\"target\":{\"@type\":\"EntryPoint\",\"urlTemplate\":\"https:\/\/saintfelixdelodeztt.fr\/?s={search_term_string}\"},\"query-input\":{\"@type\":\"PropertyValueSpecification\",\"valueRequired\":true,\"valueName\":\"search_term_string\"}}],\"inLanguage\":\"fr-FR\"},{\"@type\":\"Organization\",\"@id\":\"https:\/\/saintfelixdelodeztt.fr\/#organization\",\"name\":\"SAINT FELIX DE LODEZ TENNIS DE TABLE\",\"url\":\"https:\/\/saintfelixdelodeztt.fr\/\",\"logo\":{\"@type\":\"ImageObject\",\"inLanguage\":\"fr-FR\",\"@id\":\"https:\/\/saintfelixdelodeztt.fr\/#\/schema\/logo\/image\/\",\"url\":\"https:\/\/saintfelixdelodeztt.fr\/wp-content\/uploads\/2017\/10\/btn-accuei-V2l.png\",\"contentUrl\":\"https:\/\/saintfelixdelodeztt.fr\/wp-content\/uploads\/2017\/10\/btn-accuei-V2l.png\",\"width\":567,\"height\":148,\"caption\":\"SAINT FELIX DE LODEZ TENNIS DE TABLE\"},\"image\":{\"@id\":\"https:\/\/saintfelixdelodeztt.fr\/#\/schema\/logo\/image\/\"}}]}<\/script>\n<!-- \/ Yoast SEO plugin. -->","yoast_head_json":{"title":"R\u00e9glements FFTT - SAINT FELIX de LODEZ Tennis de table","robots":{"index":"index","follow":"follow","max-snippet":"max-snippet:-1","max-image-preview":"max-image-preview:large","max-video-preview":"max-video-preview:-1"},"canonical":"https:\/\/saintfelixdelodeztt.fr\/index.php\/infos\/reglements-fftt\/","og_locale":"fr_FR","og_type":"article","og_title":"R\u00e9glements FFTT - SAINT FELIX de LODEZ Tennis de table","og_description":"R\u00e8glements FFTT T\u00e9l\u00e9charger les derni\u00e8res versions des r\u00e8glements de la FFTT : \u00a0R\u00e8glements G\u00e9n\u00e9raux Juillet 2017 (01\/07\/2017) \u00a0R\u00e8glements Sportifs 2017 (25\/07\/2017) \u00a0Circulaire administrative \u2013 2017-2018 (05\/05\/2017)","og_url":"https:\/\/saintfelixdelodeztt.fr\/index.php\/infos\/reglements-fftt\/","og_site_name":"SAINT FELIX de LODEZ Tennis de table","article_modified_time":"2017-12-17T14:48:04+00:00","og_image":[{"url":"https:\/\/www.pongiste.fr\/wp-content\/uploads\/2016\/10\/icone_pdf.png","type":"","width":"","height":""}],"twitter_card":"summary_large_image","twitter_misc":{"Dur\u00e9e de lecture estim\u00e9e":"1 minute"},"schema":{"@context":"https:\/\/schema.org","@graph":[{"@type":"WebPage","@id":"https:\/\/saintfelixdelodeztt.fr\/index.php\/infos\/reglements-fftt\/","url":"https:\/\/saintfelixdelodeztt.fr\/index.php\/infos\/reglements-fftt\/","name":"R\u00e9glements FFTT - SAINT FELIX de LODEZ Tennis de table","isPartOf":{"@id":"https:\/\/saintfelixdelodeztt.fr\/#website"},"primaryImageOfPage":{"@id":"https:\/\/saintfelixdelodeztt.fr\/index.php\/infos\/reglements-fftt\/#primaryimage"},"image":{"@id":"https:\/\/saintfelixdelodeztt.fr\/index.php\/infos\/reglements-fftt\/#primaryimage"},"thumbnailUrl":"https:\/\/www.pongiste.fr\/wp-content\/uploads\/2016\/10\/icone_pdf.png","datePublished":"2017-11-27T17:39:12+00:00","dateModified":"2017-12-17T14:48:04+00:00","breadcrumb":{"@id":"https:\/\/saintfelixdelodeztt.fr\/index.php\/infos\/reglements-fftt\/#breadcrumb"},"inLanguage":"fr-FR","potentialAction":[{"@type":"ReadAction","target":["https:\/\/saintfelixdelodeztt.fr\/index.php\/infos\/reglements-fftt\/"]}]},{"@type":"ImageObject","inLanguage":"fr-FR","@id":"https:\/\/saintfelixdelodeztt.fr\/index.php\/infos\/reglements-fftt\/#primaryimage","url":"https:\/\/www.pongiste.fr\/wp-content\/uploads\/2016\/10\/icone_pdf.png","contentUrl":"https:\/\/www.pongiste.fr\/wp-content\/uploads\/2016\/10\/icone_pdf.png"},{"@type":"BreadcrumbList","@id":"https:\/\/saintfelixdelodeztt.fr\/index.php\/infos\/reglements-fftt\/#breadcrumb","itemListElement":[{"@type":"ListItem","position":1,"name":"Accueil","item":"https:\/\/saintfelixdelodeztt.fr\/"},{"@type":"ListItem","position":2,"name":"Infos","item":"https:\/\/saintfelixdelodeztt.fr\/index.php\/infos\/"},{"@type":"ListItem","position":3,"name":"R\u00e9glements FFTT"}]},{"@type":"WebSite","@id":"https:\/\/saintfelixdelodeztt.fr\/#website","url":"https:\/\/saintfelixdelodeztt.fr\/","name":"SAINT FELIX de LODEZ Tennis de table","description":"Votre club dans la vall\u00e9e de l&#039;H\u00e9rault","publisher":{"@id":"https:\/\/saintfelixdelodeztt.fr\/#organization"},"potentialAction":[{"@type":"SearchAction","target":{"@type":"EntryPoint","urlTemplate":"https:\/\/saintfelixdelodeztt.fr\/?s={search_term_string}"},"query-input":{"@type":"PropertyValueSpecification","valueRequired":true,"valueName":"search_term_string"}}],"inLanguage":"fr-FR"},{"@type":"Organization","@id":"https:\/\/saintfelixdelodeztt.fr\/#organization","name":"SAINT FELIX DE LODEZ TENNIS DE TABLE","url":"https:\/\/saintfelixdelodeztt.fr\/","logo":{"@type":"ImageObject","inLanguage":"fr-FR","@id":"https:\/\/saintfelixdelodeztt.fr\/#\/schema\/logo\/image\/","url":"https:\/\/saintfelixdelodeztt.fr\/wp-content\/uploads\/2017\/10\/btn-accuei-V2l.png","contentUrl":"https:\/\/saintfelixdelodeztt.fr\/wp-content\/uploads\/2017\/10\/btn-accuei-V2l.png","width":567,"height":148,"caption":"SAINT FELIX DE LODEZ TENNIS DE TABLE"},"image":{"@id":"https:\/\/saintfelixdelodeztt.fr\/#\/schema\/logo\/image\/"}}]}},"_links":{"self":[{"href":"https:\/\/saintfelixdelodeztt.fr\/index.php\/wp-json\/wp\/v2\/pages\/518","targetHints":{"allow":["GET"]}}],"collection":[{"href":"https:\/\/saintfelixdelodeztt.fr\/index.php\/wp-json\/wp\/v2\/pages"}],"about":[{"href":"https:\/\/saintfelixdelodeztt.fr\/index.php\/wp-json\/wp\/v2\/types\/page"}],"author":[{"embeddable":true,"href":"https:\/\/saintfelixdelodeztt.fr\/index.php\/wp-json\/wp\/v2\/users\/1"}],"replies":[{"embeddable":true,"href":"https:\/\/saintfelixdelodeztt.fr\/index.php\/wp-json\/wp\/v2\/comments?post=518"}],"version-history":[{"count":5,"href":"https:\/\/saintfelixdelodeztt.fr\/index.php\/wp-json\/wp\/v2\/pages\/518\/revisions"}],"predecessor-version":[{"id":796,"href":"https:\/\/saintfelixdelodeztt.fr\/index.php\/wp-json\/wp\/v2\/pages\/518\/revisions\/796"}],"up":[{"embeddable":true,"href":"https:\/\/saintfelixdelodeztt.fr\/index.php\/wp-json\/wp\/v2\/pages\/763"}],"wp:attachment":[{"href":"https:\/\/saintfelixdelodeztt.fr\/index.php\/wp-json\/wp\/v2\/media?parent=518"}],"curies":[{"name":"wp","href":"https:\/\/api.w.org\/{rel}","templated":true}]}}